{"id":165,"date":"2024-05-06T18:52:47","date_gmt":"2024-05-06T18:52:47","guid":{"rendered":"https:\/\/altfitbrasil.com.br\/vendas\/?page_id=165"},"modified":"2024-07-01T21:10:40","modified_gmt":"2024-07-01T21:10:40","slug":"o-que-somos","status":"publish","type":"page","link":"https:\/\/altfitbrasil.com.br\/vendas\/o-que-somos\/","title":{"rendered":"SOBRE"},"content":{"rendered":"\t\t<div data-elementor-type=\"wp-page\" data-elementor-id=\"165\" class=\"elementor elementor-165\">\n\t\t\t\t<div class=\"elementor-element elementor-element-d11f423 e-flex e-con-boxed e-con e-parent\" data-id=\"d11f423\" data-element_type=\"container\" data-settings=\"{&quot;background_background&quot;:&quot;classic&quot;}\">\n\t\t\t\t\t<div class=\"e-con-inner\">\n\t\t\t\t<div class=\"elementor-element elementor-element-b016dc3 elementor-invisible elementor-widget elementor-widget-heading\" data-id=\"b016dc3\" data-element_type=\"widget\" data-settings=\"{&quot;_animation&quot;:&quot;fadeInDown&quot;}\" data-widget_type=\"heading.default\">\n\t\t\t\t<div class=\"elementor-widget-container\">\n\t\t\t<style>\/*! elementor - v3.23.0 - 05-08-2024 *\/\n.elementor-heading-title{padding:0;margin:0;line-height:1}.elementor-widget-heading .elementor-heading-title[class*=elementor-size-]>a{color:inherit;font-size:inherit;line-height:inherit}.elementor-widget-heading .elementor-heading-title.elementor-size-small{font-size:15px}.elementor-widget-heading .elementor-heading-title.elementor-size-medium{font-size:19px}.elementor-widget-heading .elementor-heading-title.elementor-size-large{font-size:29px}.elementor-widget-heading .elementor-heading-title.elementor-size-xl{font-size:39px}.elementor-widget-heading .elementor-heading-title.elementor-size-xxl{font-size:59px}<\/style><h2 class=\"elementor-heading-title elementor-size-default\">ALTFIT<\/h2>\t\t<\/div>\n\t\t\t\t<\/div>\n\t\t\t\t<div class=\"elementor-element elementor-element-7c1300f elementor-invisible elementor-widget elementor-widget-heading\" data-id=\"7c1300f\" data-element_type=\"widget\" data-settings=\"{&quot;_animation&quot;:&quot;fadeIn&quot;}\" data-widget_type=\"heading.default\">\n\t\t\t\t<div class=\"elementor-widget-container\">\n\t\t\t<h2 class=\"elementor-heading-title elementor-size-default\">SEMPRE H\u00c1 UMA ALTERNATIVA!<\/h2>\t\t<\/div>\n\t\t\t\t<\/div>\n\t\t\t\t\t<\/div>\n\t\t\t\t<\/div>\n\t\t<div class=\"elementor-element elementor-element-1429d16 e-flex e-con-boxed e-con e-parent\" data-id=\"1429d16\" data-element_type=\"container\">\n\t\t\t\t\t<div class=\"e-con-inner\">\n\t\t\t\t<div class=\"elementor-element elementor-element-017bc86 elementor-widget elementor-widget-heading\" data-id=\"017bc86\" data-element_type=\"widget\" data-widget_type=\"heading.default\">\n\t\t\t\t<div class=\"elementor-widget-container\">\n\t\t\t<h2 class=\"elementor-heading-title elementor-size-default\">Inspirado no mercado internacional a <b>ALTFIT traz para Uberl\u00e2ndia o primeiro Hub de est\u00fadios<\/b> fitness que possuem a proposta de treinos motivadores e nada convencionais.<br>\n<b>Trabalhamos com a tecnologia a favor da sa\u00fade<\/b>, entregando para nossos clientes aulas r\u00e1pidas, com clima diferenciado e com maior probabilidade de resultado. <br>Com o<b> prop\u00f3sito de contribuir para o bem-estar <\/b>das pessoas <b>por meio de experi\u00eancias fitness<\/b> inovadoras e disruptivas.<\/h2>\t\t<\/div>\n\t\t\t\t<\/div>\n\t\t\t\t\t<\/div>\n\t\t\t\t<\/div>\n\t\t<div class=\"elementor-element elementor-element-1b43532 e-con-full e-flex e-con e-parent\" data-id=\"1b43532\" data-element_type=\"container\" data-settings=\"{&quot;background_background&quot;:&quot;classic&quot;}\">\n\t\t<div class=\"elementor-element elementor-element-78bf7dc e-con-full e-flex e-con e-child\" data-id=\"78bf7dc\" data-element_type=\"container\">\n\t\t\t\t<div class=\"elementor-element elementor-element-dbc0a07 elementor-widget elementor-widget-image\" data-id=\"dbc0a07\" data-element_type=\"widget\" data-widget_type=\"image.default\">\n\t\t\t\t<div class=\"elementor-widget-container\">\n\t\t\t<style>\/*! elementor - v3.23.0 - 05-08-2024 *\/\n.elementor-widget-image{text-align:center}.elementor-widget-image a{display:inline-block}.elementor-widget-image a img[src$=\".svg\"]{width:48px}.elementor-widget-image img{vertical-align:middle;display:inline-block}<\/style>\t\t\t\t\t\t\t\t\t\t<img fetchpriority=\"high\" decoding=\"async\" width=\"250\" height=\"400\" src=\"https:\/\/altfitbrasil.com.br\/vendas\/wp-content\/uploads\/2024\/06\/A.png\" class=\"attachment-large size-large wp-image-811\" alt=\"\" srcset=\"https:\/\/altfitbrasil.com.br\/vendas\/wp-content\/uploads\/2024\/06\/A.png 250w, https:\/\/altfitbrasil.com.br\/vendas\/wp-content\/uploads\/2024\/06\/A-188x300.png 188w\" sizes=\"(max-width: 250px) 100vw, 250px\" \/>\t\t\t\t\t\t\t\t\t\t\t\t\t<\/div>\n\t\t\t\t<\/div>\n\t\t\t\t<\/div>\n\t\t<div class=\"elementor-element elementor-element-a08cc38 e-con-full e-flex e-con e-child\" data-id=\"a08cc38\" data-element_type=\"container\">\n\t\t\t\t<div class=\"elementor-element elementor-element-66013cb elementor-widget elementor-widget-image\" data-id=\"66013cb\" data-element_type=\"widget\" data-widget_type=\"image.default\">\n\t\t\t\t<div class=\"elementor-widget-container\">\n\t\t\t\t\t\t\t\t\t\t\t\t\t<img decoding=\"async\" width=\"250\" height=\"400\" src=\"https:\/\/altfitbrasil.com.br\/vendas\/wp-content\/uploads\/2024\/06\/B.png\" class=\"attachment-large size-large wp-image-812\" alt=\"\" srcset=\"https:\/\/altfitbrasil.com.br\/vendas\/wp-content\/uploads\/2024\/06\/B.png 250w, https:\/\/altfitbrasil.com.br\/vendas\/wp-content\/uploads\/2024\/06\/B-188x300.png 188w\" sizes=\"(max-width: 250px) 100vw, 250px\" \/>\t\t\t\t\t\t\t\t\t\t\t\t\t<\/div>\n\t\t\t\t<\/div>\n\t\t\t\t<\/div>\n\t\t<div class=\"elementor-element elementor-element-4bca552 e-con-full e-flex e-con e-child\" data-id=\"4bca552\" data-element_type=\"container\">\n\t\t\t\t<div class=\"elementor-element elementor-element-4db02bc elementor-widget elementor-widget-image\" data-id=\"4db02bc\" data-element_type=\"widget\" data-widget_type=\"image.default\">\n\t\t\t\t<div class=\"elementor-widget-container\">\n\t\t\t\t\t\t\t\t\t\t\t\t\t<img decoding=\"async\" width=\"250\" height=\"400\" src=\"https:\/\/altfitbrasil.com.br\/vendas\/wp-content\/uploads\/2024\/06\/C.png\" class=\"attachment-large size-large wp-image-816\" alt=\"\" srcset=\"https:\/\/altfitbrasil.com.br\/vendas\/wp-content\/uploads\/2024\/06\/C.png 250w, https:\/\/altfitbrasil.com.br\/vendas\/wp-content\/uploads\/2024\/06\/C-188x300.png 188w\" sizes=\"(max-width: 250px) 100vw, 250px\" \/>\t\t\t\t\t\t\t\t\t\t\t\t\t<\/div>\n\t\t\t\t<\/div>\n\t\t\t\t<\/div>\n\t\t<div class=\"elementor-element elementor-element-cce0b64 e-con-full e-flex e-con e-child\" data-id=\"cce0b64\" data-element_type=\"container\">\n\t\t\t\t<div class=\"elementor-element elementor-element-1c5487b elementor-widget elementor-widget-image\" data-id=\"1c5487b\" data-element_type=\"widget\" data-widget_type=\"image.default\">\n\t\t\t\t<div class=\"elementor-widget-container\">\n\t\t\t\t\t\t\t\t\t\t\t\t\t<img loading=\"lazy\" decoding=\"async\" width=\"250\" height=\"400\" src=\"https:\/\/altfitbrasil.com.br\/vendas\/wp-content\/uploads\/2024\/06\/D.png\" class=\"attachment-large size-large wp-image-817\" alt=\"\" srcset=\"https:\/\/altfitbrasil.com.br\/vendas\/wp-content\/uploads\/2024\/06\/D.png 250w, https:\/\/altfitbrasil.com.br\/vendas\/wp-content\/uploads\/2024\/06\/D-188x300.png 188w\" sizes=\"(max-width: 250px) 100vw, 250px\" \/>\t\t\t\t\t\t\t\t\t\t\t\t\t<\/div>\n\t\t\t\t<\/div>\n\t\t\t\t<\/div>\n\t\t<div class=\"elementor-element elementor-element-88bf438 e-con-full e-flex e-con e-child\" data-id=\"88bf438\" data-element_type=\"container\">\n\t\t\t\t<div class=\"elementor-element elementor-element-79ae574 elementor-widget elementor-widget-image\" data-id=\"79ae574\" data-element_type=\"widget\" data-widget_type=\"image.default\">\n\t\t\t\t<div class=\"elementor-widget-container\">\n\t\t\t\t\t\t\t\t\t\t\t\t\t<img loading=\"lazy\" decoding=\"async\" width=\"250\" height=\"400\" src=\"https:\/\/altfitbrasil.com.br\/vendas\/wp-content\/uploads\/2024\/06\/E.png\" class=\"attachment-large size-large wp-image-818\" alt=\"\" srcset=\"https:\/\/altfitbrasil.com.br\/vendas\/wp-content\/uploads\/2024\/06\/E.png 250w, https:\/\/altfitbrasil.com.br\/vendas\/wp-content\/uploads\/2024\/06\/E-188x300.png 188w\" sizes=\"(max-width: 250px) 100vw, 250px\" \/>\t\t\t\t\t\t\t\t\t\t\t\t\t<\/div>\n\t\t\t\t<\/div>\n\t\t\t\t<\/div>\n\t\t\t\t<\/div>\n\t\t<div class=\"elementor-element elementor-element-8a554e9 e-flex e-con-boxed e-con e-parent\" data-id=\"8a554e9\" data-element_type=\"container\">\n\t\t\t\t\t<div class=\"e-con-inner\">\n\t\t\t\t<div class=\"elementor-element elementor-element-3b5e8ab elementor-invisible elementor-widget elementor-widget-heading\" data-id=\"3b5e8ab\" data-element_type=\"widget\" data-settings=\"{&quot;_animation&quot;:&quot;fadeInUp&quot;}\" data-widget_type=\"heading.default\">\n\t\t\t\t<div class=\"elementor-widget-container\">\n\t\t\t<h2 class=\"elementor-heading-title elementor-size-default\">MANIFESTO ALTFIT<\/h2>\t\t<\/div>\n\t\t\t\t<\/div>\n\t\t\t\t<div class=\"elementor-element elementor-element-f23dd61 elementor-widget elementor-widget-heading\" data-id=\"f23dd61\" data-element_type=\"widget\" data-widget_type=\"heading.default\">\n\t\t\t\t<div class=\"elementor-widget-container\">\n\t\t\t<h2 class=\"elementor-heading-title elementor-size-default\">Ousar \u00e9 dar mais um passo.<br>\nEstar decidido a fazer algo por vc.<br>\n<b>Sempre h\u00e1 uma ALTternativa<\/b>.<br>\nA jornada \u00e9 \u00fanica, s\u00f3 sua e no seu tempo.<br>\nVoc\u00ea consegue, voc\u00ea \u00e9 capaz, voc\u00ea \u00e9 incr\u00edvel.<br>\nVoc\u00ea tem um universo de coisas boas dentro do peito, deixe transbordar.<br>\nO dia \u00e9 hoje, a hora \u00e9 agora.<br>\nFaz parte de viver o (re)come\u00e7o.<br>\nSupere os seus limites.<br>\nVen\u00e7a a si mesmo.<br>\nNo caminho, estenda a m\u00e3o.<br>\nDa uni\u00e3o, nasce o poder da mudan\u00e7a.<br>\nViva essa experi\u00eancia.<br>\nAqui voc\u00ea consegue, estamos juntos.<br>\nEssa \u00e9 a nossa vibe.<br>\n<b>Bem-vindos a #ALTFIT<\/b><\/h2>\t\t<\/div>\n\t\t\t\t<\/div>\n\t\t\t\t\t<\/div>\n\t\t\t\t<\/div>\n\t\t\t\t<\/div>\n\t\t","protected":false},"excerpt":{"rendered":"<p>ALTFIT SEMPRE H\u00c1 UMA ALTERNATIVA! Inspirado no mercado internacional a ALTFIT traz para Uberl\u00e2ndia o primeiro Hub de est\u00fadios fitness que possuem a proposta de treinos motivadores e nada convencionais. Trabalhamos com a tecnologia a favor da sa\u00fade, entregando para nossos clientes aulas r\u00e1pidas, com clima diferenciado e com maior probabilidade de resultado. Com o [&hellip;]<\/p>\n","protected":false},"author":1,"featured_media":0,"parent":0,"menu_order":0,"comment_status":"closed","ping_status":"closed","template":"elementor_header_footer","meta":{"footnotes":""},"class_list":["post-165","page","type-page","status-publish","hentry"],"_links":{"self":[{"href":"https:\/\/altfitbrasil.com.br\/vendas\/wp-json\/wp\/v2\/pages\/165"}],"collection":[{"href":"https:\/\/altfitbrasil.com.br\/vendas\/wp-json\/wp\/v2\/pages"}],"about":[{"href":"https:\/\/altfitbrasil.com.br\/vendas\/wp-json\/wp\/v2\/types\/page"}],"author":[{"embeddable":true,"href":"https:\/\/altfitbrasil.com.br\/vendas\/wp-json\/wp\/v2\/users\/1"}],"replies":[{"embeddable":true,"href":"https:\/\/altfitbrasil.com.br\/vendas\/wp-json\/wp\/v2\/comments?post=165"}],"version-history":[{"count":50,"href":"https:\/\/altfitbrasil.com.br\/vendas\/wp-json\/wp\/v2\/pages\/165\/revisions"}],"predecessor-version":[{"id":1291,"href":"https:\/\/altfitbrasil.com.br\/vendas\/wp-json\/wp\/v2\/pages\/165\/revisions\/1291"}],"wp:attachment":[{"href":"https:\/\/altfitbrasil.com.br\/vendas\/wp-json\/wp\/v2\/media?parent=165"}],"curies":[{"name":"wp","href":"https:\/\/api.w.org\/{rel}","templated":true}]}}