{"id":183,"date":"2024-05-06T18:54:27","date_gmt":"2024-05-06T18:54:27","guid":{"rendered":"https:\/\/altfitbrasil.com.br\/vendas\/?page_id=183"},"modified":"2024-07-02T13:20:43","modified_gmt":"2024-07-02T13:20:43","slug":"wow-b","status":"publish","type":"page","link":"https:\/\/altfitbrasil.com.br\/vendas\/wow-b\/","title":{"rendered":"WOW.B"},"content":{"rendered":"\t\t<div data-elementor-type=\"wp-page\" data-elementor-id=\"183\" class=\"elementor elementor-183\">\n\t\t\t\t<div class=\"elementor-element elementor-element-0202659 e-flex e-con-boxed e-con e-parent\" data-id=\"0202659\" data-element_type=\"container\" data-settings=\"{&quot;background_background&quot;:&quot;classic&quot;}\">\n\t\t\t\t\t<div class=\"e-con-inner\">\n\t\t\t\t<div class=\"elementor-element elementor-element-b40f811 elementor-invisible elementor-widget elementor-widget-heading\" data-id=\"b40f811\" data-element_type=\"widget\" data-settings=\"{&quot;_animation&quot;:&quot;fadeInDown&quot;}\" data-widget_type=\"heading.default\">\n\t\t\t\t<div class=\"elementor-widget-container\">\n\t\t\t<style>\/*! elementor - v3.23.0 - 05-08-2024 *\/\n.elementor-heading-title{padding:0;margin:0;line-height:1}.elementor-widget-heading .elementor-heading-title[class*=elementor-size-]>a{color:inherit;font-size:inherit;line-height:inherit}.elementor-widget-heading .elementor-heading-title.elementor-size-small{font-size:15px}.elementor-widget-heading .elementor-heading-title.elementor-size-medium{font-size:19px}.elementor-widget-heading .elementor-heading-title.elementor-size-large{font-size:29px}.elementor-widget-heading .elementor-heading-title.elementor-size-xl{font-size:39px}.elementor-widget-heading .elementor-heading-title.elementor-size-xxl{font-size:59px}<\/style><h2 class=\"elementor-heading-title elementor-size-default\">wow.b<\/h2>\t\t<\/div>\n\t\t\t\t<\/div>\n\t\t\t\t<div class=\"elementor-element elementor-element-a38c0af elementor-invisible elementor-widget elementor-widget-heading\" data-id=\"a38c0af\" data-element_type=\"widget\" data-settings=\"{&quot;_animation&quot;:&quot;fadeIn&quot;}\" data-widget_type=\"heading.default\">\n\t\t\t\t<div class=\"elementor-widget-container\">\n\t\t\t<h2 class=\"elementor-heading-title elementor-size-default\">boxe hard hiit insanity<\/h2>\t\t<\/div>\n\t\t\t\t<\/div>\n\t\t\t\t<div class=\"elementor-element elementor-element-663a04c elementor-align-center elementor-widget elementor-widget-button\" data-id=\"663a04c\" data-element_type=\"widget\" data-widget_type=\"button.default\">\n\t\t\t\t<div class=\"elementor-widget-container\">\n\t\t\t\t\t<div class=\"elementor-button-wrapper\">\n\t\t\t<a class=\"elementor-button elementor-size-sm\" role=\"button\">\n\t\t\t\t\t\t<span class=\"elementor-button-content-wrapper\">\n\t\t\t\t\t\t\t\t\t<span class=\"elementor-button-text\">EU QUERO<\/span>\n\t\t\t\t\t<\/span>\n\t\t\t\t\t<\/a>\n\t\t<\/div>\n\t\t\t\t<\/div>\n\t\t\t\t<\/div>\n\t\t\t\t\t<\/div>\n\t\t\t\t<\/div>\n\t\t<div class=\"elementor-element elementor-element-98963ea e-flex e-con-boxed e-con e-parent\" data-id=\"98963ea\" data-element_type=\"container\">\n\t\t\t\t\t<div class=\"e-con-inner\">\n\t\t\t\t<div class=\"elementor-element elementor-element-311d9cf elementor-widget elementor-widget-heading\" data-id=\"311d9cf\" data-element_type=\"widget\" data-widget_type=\"heading.default\">\n\t\t\t\t<div class=\"elementor-widget-container\">\n\t\t\t<h2 class=\"elementor-heading-title elementor-size-default\"><b>Uma experi\u00eancia de treino divertida<\/b>, energizante e ideal para nocautear o stress e promover queima cal\u00f3rica. WOW.B! <b>Combina boxe e funcional<\/b> em um treino de <b>pura endorfina<\/b>.<\/h2>\t\t<\/div>\n\t\t\t\t<\/div>\n\t\t\t\t\t<\/div>\n\t\t\t\t<\/div>\n\t\t<div class=\"elementor-element elementor-element-07e4c07 elementor-hidden-mobile e-flex e-con-boxed e-con e-parent\" data-id=\"07e4c07\" data-element_type=\"container\" data-settings=\"{&quot;background_background&quot;:&quot;classic&quot;}\">\n\t\t\t\t\t<div class=\"e-con-inner\">\n\t\t<div class=\"elementor-element elementor-element-0e99516 e-con-full e-flex e-con e-child\" data-id=\"0e99516\" data-element_type=\"container\">\n\t\t\t\t<div class=\"elementor-element elementor-element-72ec7ff elementor-widget elementor-widget-image\" data-id=\"72ec7ff\" data-element_type=\"widget\" data-widget_type=\"image.default\">\n\t\t\t\t<div class=\"elementor-widget-container\">\n\t\t\t<style>\/*! elementor - v3.23.0 - 05-08-2024 *\/\n.elementor-widget-image{text-align:center}.elementor-widget-image a{display:inline-block}.elementor-widget-image a img[src$=\".svg\"]{width:48px}.elementor-widget-image img{vertical-align:middle;display:inline-block}<\/style>\t\t\t\t\t\t\t\t\t\t<img fetchpriority=\"high\" decoding=\"async\" width=\"525\" height=\"375\" src=\"https:\/\/altfitbrasil.com.br\/vendas\/wp-content\/uploads\/2024\/05\/Prancheta-1.png\" class=\"attachment-large size-large wp-image-341\" alt=\"\" srcset=\"https:\/\/altfitbrasil.com.br\/vendas\/wp-content\/uploads\/2024\/05\/Prancheta-1.png 700w, https:\/\/altfitbrasil.com.br\/vendas\/wp-content\/uploads\/2024\/05\/Prancheta-1-300x214.png 300w\" sizes=\"(max-width: 525px) 100vw, 525px\" \/>\t\t\t\t\t\t\t\t\t\t\t\t\t<\/div>\n\t\t\t\t<\/div>\n\t\t\t\t<\/div>\n\t\t<div class=\"elementor-element elementor-element-554eceb e-con-full e-flex e-con e-child\" data-id=\"554eceb\" data-element_type=\"container\">\n\t\t\t\t<\/div>\n\t\t<div class=\"elementor-element elementor-element-81a8ddb e-con-full e-flex e-con e-child\" data-id=\"81a8ddb\" data-element_type=\"container\">\n\t\t\t\t<div class=\"elementor-element elementor-element-69c820e elementor-widget elementor-widget-image\" data-id=\"69c820e\" data-element_type=\"widget\" data-widget_type=\"image.default\">\n\t\t\t\t<div class=\"elementor-widget-container\">\n\t\t\t\t\t\t\t\t\t\t\t\t\t<img decoding=\"async\" width=\"525\" height=\"375\" src=\"https:\/\/altfitbrasil.com.br\/vendas\/wp-content\/uploads\/2024\/05\/Prancheta-3.png\" class=\"attachment-large size-large wp-image-343\" alt=\"\" srcset=\"https:\/\/altfitbrasil.com.br\/vendas\/wp-content\/uploads\/2024\/05\/Prancheta-3.png 700w, https:\/\/altfitbrasil.com.br\/vendas\/wp-content\/uploads\/2024\/05\/Prancheta-3-300x214.png 300w\" sizes=\"(max-width: 525px) 100vw, 525px\" \/>\t\t\t\t\t\t\t\t\t\t\t\t\t<\/div>\n\t\t\t\t<\/div>\n\t\t\t\t<\/div>\n\t\t<div class=\"elementor-element elementor-element-1a38019 e-con-full e-flex e-con e-child\" data-id=\"1a38019\" data-element_type=\"container\">\n\t\t\t\t<div class=\"elementor-element elementor-element-6f4dbd5 elementor-widget elementor-widget-image\" data-id=\"6f4dbd5\" data-element_type=\"widget\" data-widget_type=\"image.default\">\n\t\t\t\t<div class=\"elementor-widget-container\">\n\t\t\t\t\t\t\t\t\t\t\t\t\t<img decoding=\"async\" width=\"525\" height=\"375\" src=\"https:\/\/altfitbrasil.com.br\/vendas\/wp-content\/uploads\/2024\/05\/Prancheta-2.png\" class=\"attachment-large size-large wp-image-342\" alt=\"\" srcset=\"https:\/\/altfitbrasil.com.br\/vendas\/wp-content\/uploads\/2024\/05\/Prancheta-2.png 700w, https:\/\/altfitbrasil.com.br\/vendas\/wp-content\/uploads\/2024\/05\/Prancheta-2-300x214.png 300w\" sizes=\"(max-width: 525px) 100vw, 525px\" \/>\t\t\t\t\t\t\t\t\t\t\t\t\t<\/div>\n\t\t\t\t<\/div>\n\t\t\t\t<\/div>\n\t\t<div class=\"elementor-element elementor-element-2b147f6 e-con-full e-flex e-con e-child\" data-id=\"2b147f6\" data-element_type=\"container\">\n\t\t\t\t<\/div>\n\t\t<div class=\"elementor-element elementor-element-dd02a7d e-con-full e-flex e-con e-child\" data-id=\"dd02a7d\" data-element_type=\"container\">\n\t\t\t\t<div class=\"elementor-element elementor-element-b1ecfc3 elementor-widget elementor-widget-image\" data-id=\"b1ecfc3\" data-element_type=\"widget\" data-widget_type=\"image.default\">\n\t\t\t\t<div class=\"elementor-widget-container\">\n\t\t\t\t\t\t\t\t\t\t\t\t\t<img loading=\"lazy\" decoding=\"async\" width=\"525\" height=\"375\" src=\"https:\/\/altfitbrasil.com.br\/vendas\/wp-content\/uploads\/2024\/06\/DIFERENCIAIS-WOW.BPrancheta-4.png\" class=\"attachment-large size-large wp-image-830\" alt=\"\" srcset=\"https:\/\/altfitbrasil.com.br\/vendas\/wp-content\/uploads\/2024\/06\/DIFERENCIAIS-WOW.BPrancheta-4.png 700w, https:\/\/altfitbrasil.com.br\/vendas\/wp-content\/uploads\/2024\/06\/DIFERENCIAIS-WOW.BPrancheta-4-300x214.png 300w\" sizes=\"(max-width: 525px) 100vw, 525px\" \/>\t\t\t\t\t\t\t\t\t\t\t\t\t<\/div>\n\t\t\t\t<\/div>\n\t\t\t\t<\/div>\n\t\t\t\t<div class=\"elementor-element elementor-element-ab7455b elementor-widget elementor-widget-heading\" data-id=\"ab7455b\" data-element_type=\"widget\" data-widget_type=\"heading.default\">\n\t\t\t\t<div class=\"elementor-widget-container\">\n\t\t\t<h2 class=\"elementor-heading-title elementor-size-default\">METODOLOGIA EXCLUSIVA ALTFIT<\/h2>\t\t<\/div>\n\t\t\t\t<\/div>\n\t\t\t\t\t<\/div>\n\t\t\t\t<\/div>\n\t\t<div class=\"elementor-element elementor-element-f113155 elementor-hidden-desktop e-flex e-con-boxed e-con e-parent\" data-id=\"f113155\" data-element_type=\"container\" data-settings=\"{&quot;background_background&quot;:&quot;classic&quot;}\">\n\t\t\t\t\t<div class=\"e-con-inner\">\n\t\t<div class=\"elementor-element elementor-element-0810f8d e-con-full e-flex e-con e-child\" data-id=\"0810f8d\" data-element_type=\"container\">\n\t\t\t\t<div class=\"elementor-element elementor-element-3d35dfd elementor-widget elementor-widget-image\" data-id=\"3d35dfd\" data-element_type=\"widget\" data-widget_type=\"image.default\">\n\t\t\t\t<div class=\"elementor-widget-container\">\n\t\t\t\t\t\t\t\t\t\t\t\t\t<img fetchpriority=\"high\" decoding=\"async\" width=\"525\" height=\"375\" src=\"https:\/\/altfitbrasil.com.br\/vendas\/wp-content\/uploads\/2024\/05\/Prancheta-1.png\" class=\"attachment-large size-large wp-image-341\" alt=\"\" srcset=\"https:\/\/altfitbrasil.com.br\/vendas\/wp-content\/uploads\/2024\/05\/Prancheta-1.png 700w, https:\/\/altfitbrasil.com.br\/vendas\/wp-content\/uploads\/2024\/05\/Prancheta-1-300x214.png 300w\" sizes=\"(max-width: 525px) 100vw, 525px\" \/>\t\t\t\t\t\t\t\t\t\t\t\t\t<\/div>\n\t\t\t\t<\/div>\n\t\t\t\t<\/div>\n\t\t<div class=\"elementor-element elementor-element-d32f2b6 e-con-full e-flex e-con e-child\" data-id=\"d32f2b6\" data-element_type=\"container\">\n\t\t\t\t<div class=\"elementor-element elementor-element-fb9c76e elementor-widget elementor-widget-image\" data-id=\"fb9c76e\" data-element_type=\"widget\" data-widget_type=\"image.default\">\n\t\t\t\t<div class=\"elementor-widget-container\">\n\t\t\t\t\t\t\t\t\t\t\t\t\t<img decoding=\"async\" width=\"525\" height=\"375\" src=\"https:\/\/altfitbrasil.com.br\/vendas\/wp-content\/uploads\/2024\/05\/Prancheta-3.png\" class=\"attachment-large size-large wp-image-343\" alt=\"\" srcset=\"https:\/\/altfitbrasil.com.br\/vendas\/wp-content\/uploads\/2024\/05\/Prancheta-3.png 700w, https:\/\/altfitbrasil.com.br\/vendas\/wp-content\/uploads\/2024\/05\/Prancheta-3-300x214.png 300w\" sizes=\"(max-width: 525px) 100vw, 525px\" \/>\t\t\t\t\t\t\t\t\t\t\t\t\t<\/div>\n\t\t\t\t<\/div>\n\t\t\t\t<\/div>\n\t\t<div class=\"elementor-element elementor-element-f9af23a e-con-full e-flex e-con e-child\" data-id=\"f9af23a\" data-element_type=\"container\">\n\t\t\t\t<div class=\"elementor-element elementor-element-5d31d8b elementor-widget elementor-widget-image\" data-id=\"5d31d8b\" data-element_type=\"widget\" data-widget_type=\"image.default\">\n\t\t\t\t<div class=\"elementor-widget-container\">\n\t\t\t\t\t\t\t\t\t\t\t\t\t<img decoding=\"async\" width=\"525\" height=\"375\" src=\"https:\/\/altfitbrasil.com.br\/vendas\/wp-content\/uploads\/2024\/05\/Prancheta-2.png\" class=\"attachment-large size-large wp-image-342\" alt=\"\" srcset=\"https:\/\/altfitbrasil.com.br\/vendas\/wp-content\/uploads\/2024\/05\/Prancheta-2.png 700w, https:\/\/altfitbrasil.com.br\/vendas\/wp-content\/uploads\/2024\/05\/Prancheta-2-300x214.png 300w\" sizes=\"(max-width: 525px) 100vw, 525px\" \/>\t\t\t\t\t\t\t\t\t\t\t\t\t<\/div>\n\t\t\t\t<\/div>\n\t\t\t\t<\/div>\n\t\t<div class=\"elementor-element elementor-element-c5ebcbb e-con-full e-flex e-con e-child\" data-id=\"c5ebcbb\" data-element_type=\"container\">\n\t\t\t\t<div class=\"elementor-element elementor-element-35f4ed6 elementor-widget elementor-widget-image\" data-id=\"35f4ed6\" data-element_type=\"widget\" data-widget_type=\"image.default\">\n\t\t\t\t<div class=\"elementor-widget-container\">\n\t\t\t\t\t\t\t\t\t\t\t\t\t<img loading=\"lazy\" decoding=\"async\" width=\"525\" height=\"375\" src=\"https:\/\/altfitbrasil.com.br\/vendas\/wp-content\/uploads\/2024\/06\/DIFERENCIAIS-WOW.BPrancheta-4.png\" class=\"attachment-large size-large wp-image-830\" alt=\"\" srcset=\"https:\/\/altfitbrasil.com.br\/vendas\/wp-content\/uploads\/2024\/06\/DIFERENCIAIS-WOW.BPrancheta-4.png 700w, https:\/\/altfitbrasil.com.br\/vendas\/wp-content\/uploads\/2024\/06\/DIFERENCIAIS-WOW.BPrancheta-4-300x214.png 300w\" sizes=\"(max-width: 525px) 100vw, 525px\" \/>\t\t\t\t\t\t\t\t\t\t\t\t\t<\/div>\n\t\t\t\t<\/div>\n\t\t\t\t<\/div>\n\t\t\t\t<div class=\"elementor-element elementor-element-ee888e3 elementor-widget elementor-widget-heading\" data-id=\"ee888e3\" data-element_type=\"widget\" data-widget_type=\"heading.default\">\n\t\t\t\t<div class=\"elementor-widget-container\">\n\t\t\t<h2 class=\"elementor-heading-title elementor-size-default\">METODOLOGIA EXCLUSIVA ALTFIT<\/h2>\t\t<\/div>\n\t\t\t\t<\/div>\n\t\t\t\t\t<\/div>\n\t\t\t\t<\/div>\n\t\t<div class=\"elementor-element elementor-element-bc93479 e-flex e-con-boxed e-con e-parent\" data-id=\"bc93479\" data-element_type=\"container\">\n\t\t\t\t\t<div class=\"e-con-inner\">\n\t\t\t\t<div class=\"elementor-element elementor-element-3ccb120 elementor-invisible elementor-widget elementor-widget-heading\" data-id=\"3ccb120\" data-element_type=\"widget\" data-settings=\"{&quot;_animation&quot;:&quot;fadeInUp&quot;}\" data-widget_type=\"heading.default\">\n\t\t\t\t<div class=\"elementor-widget-container\">\n\t\t\t<h2 class=\"elementor-heading-title elementor-size-default\">COMO VOC\u00ea LUTA \u00c9 COMO VOC\u00ea VIVE!<\/h2>\t\t<\/div>\n\t\t\t\t<\/div>\n\t\t\t\t<div class=\"elementor-element elementor-element-06b2fe2 elementor-widget elementor-widget-heading\" data-id=\"06b2fe2\" data-element_type=\"widget\" data-widget_type=\"heading.default\">\n\t\t\t\t<div class=\"elementor-widget-container\">\n\t\t\t<h2 class=\"elementor-heading-title elementor-size-default\">AQUI NA WOW.B! AS LUVAS S\u00c3O POR NOSSA CONTA.<\/h2>\t\t<\/div>\n\t\t\t\t<\/div>\n\t\t\t\t<div class=\"elementor-element elementor-element-d8939ea elementor-align-center elementor-widget__width-initial elementor-invisible elementor-widget elementor-widget-button\" data-id=\"d8939ea\" data-element_type=\"widget\" data-settings=\"{&quot;_animation&quot;:&quot;pulse&quot;}\" data-widget_type=\"button.default\">\n\t\t\t\t<div class=\"elementor-widget-container\">\n\t\t\t\t\t<div class=\"elementor-button-wrapper\">\n\t\t\t<a class=\"elementor-button elementor-size-sm\" role=\"button\">\n\t\t\t\t\t\t<span class=\"elementor-button-content-wrapper\">\n\t\t\t\t\t\t\t\t\t<span class=\"elementor-button-text\">COMPRE SUA 1\u00aa experi\u00eancia<\/span>\n\t\t\t\t\t<\/span>\n\t\t\t\t\t<\/a>\n\t\t<\/div>\n\t\t\t\t<\/div>\n\t\t\t\t<\/div>\n\t\t\t\t\t<\/div>\n\t\t\t\t<\/div>\n\t\t\t\t<\/div>\n\t\t","protected":false},"excerpt":{"rendered":"<p>wow.b boxe hard hiit insanity EU QUERO Uma experi\u00eancia de treino divertida, energizante e ideal para nocautear o stress e promover queima cal\u00f3rica. WOW.B! Combina boxe e funcional em um treino de pura endorfina. METODOLOGIA EXCLUSIVA ALTFIT METODOLOGIA EXCLUSIVA ALTFIT COMO VOC\u00ea LUTA \u00c9 COMO VOC\u00ea VIVE! AQUI NA WOW.B! AS LUVAS S\u00c3O POR NOSSA [&hellip;]<\/p>\n","protected":false},"author":1,"featured_media":0,"parent":0,"menu_order":0,"comment_status":"closed","ping_status":"closed","template":"elementor_header_footer","meta":{"footnotes":""},"class_list":["post-183","page","type-page","status-publish","hentry"],"_links":{"self":[{"href":"https:\/\/altfitbrasil.com.br\/vendas\/wp-json\/wp\/v2\/pages\/183"}],"collection":[{"href":"https:\/\/altfitbrasil.com.br\/vendas\/wp-json\/wp\/v2\/pages"}],"about":[{"href":"https:\/\/altfitbrasil.com.br\/vendas\/wp-json\/wp\/v2\/types\/page"}],"author":[{"embeddable":true,"href":"https:\/\/altfitbrasil.com.br\/vendas\/wp-json\/wp\/v2\/users\/1"}],"replies":[{"embeddable":true,"href":"https:\/\/altfitbrasil.com.br\/vendas\/wp-json\/wp\/v2\/comments?post=183"}],"version-history":[{"count":64,"href":"https:\/\/altfitbrasil.com.br\/vendas\/wp-json\/wp\/v2\/pages\/183\/revisions"}],"predecessor-version":[{"id":1351,"href":"https:\/\/altfitbrasil.com.br\/vendas\/wp-json\/wp\/v2\/pages\/183\/revisions\/1351"}],"wp:attachment":[{"href":"https:\/\/altfitbrasil.com.br\/vendas\/wp-json\/wp\/v2\/media?parent=183"}],"curies":[{"name":"wp","href":"https:\/\/api.w.org\/{rel}","templated":true}]}}