{"id":189,"date":"2024-05-06T18:54:49","date_gmt":"2024-05-06T18:54:49","guid":{"rendered":"https:\/\/altfitbrasil.com.br\/vendas\/?page_id=189"},"modified":"2024-07-02T13:40:19","modified_gmt":"2024-07-02T13:40:19","slug":"phaila","status":"publish","type":"page","link":"https:\/\/altfitbrasil.com.br\/vendas\/phaila\/","title":{"rendered":"PHAILA"},"content":{"rendered":"\t\t<div data-elementor-type=\"wp-page\" data-elementor-id=\"189\" class=\"elementor elementor-189\">\n\t\t\t\t<div class=\"elementor-element elementor-element-fde88a7 e-con-full e-flex e-con e-parent\" data-id=\"fde88a7\" data-element_type=\"container\" data-settings=\"{&quot;background_background&quot;:&quot;classic&quot;}\">\n\t\t<div class=\"elementor-element elementor-element-fad6b29 e-con-full e-flex e-con e-child\" data-id=\"fad6b29\" data-element_type=\"container\" data-settings=\"{&quot;background_background&quot;:&quot;classic&quot;}\">\n\t\t\t\t<div class=\"elementor-element elementor-element-92d2140 elementor-invisible elementor-widget elementor-widget-heading\" data-id=\"92d2140\" data-element_type=\"widget\" data-settings=\"{&quot;_animation&quot;:&quot;fadeInDown&quot;}\" data-widget_type=\"heading.default\">\n\t\t\t\t<div class=\"elementor-widget-container\">\n\t\t\t<style>\/*! elementor - v3.23.0 - 05-08-2024 *\/\n.elementor-heading-title{padding:0;margin:0;line-height:1}.elementor-widget-heading .elementor-heading-title[class*=elementor-size-]>a{color:inherit;font-size:inherit;line-height:inherit}.elementor-widget-heading .elementor-heading-title.elementor-size-small{font-size:15px}.elementor-widget-heading .elementor-heading-title.elementor-size-medium{font-size:19px}.elementor-widget-heading .elementor-heading-title.elementor-size-large{font-size:29px}.elementor-widget-heading .elementor-heading-title.elementor-size-xl{font-size:39px}.elementor-widget-heading .elementor-heading-title.elementor-size-xxl{font-size:59px}<\/style><h2 class=\"elementor-heading-title elementor-size-default\">phaila<\/h2>\t\t<\/div>\n\t\t\t\t<\/div>\n\t\t\t\t<div class=\"elementor-element elementor-element-25d04e9 elementor-invisible elementor-widget elementor-widget-heading\" data-id=\"25d04e9\" data-element_type=\"widget\" data-settings=\"{&quot;_animation&quot;:&quot;fadeIn&quot;}\" data-widget_type=\"heading.default\">\n\t\t\t\t<div class=\"elementor-widget-container\">\n\t\t\t<h2 class=\"elementor-heading-title elementor-size-default\">amplia e transcenda!<\/h2>\t\t<\/div>\n\t\t\t\t<\/div>\n\t\t\t\t<div class=\"elementor-element elementor-element-d473dcc elementor-align-center elementor-widget elementor-widget-button\" data-id=\"d473dcc\" data-element_type=\"widget\" data-widget_type=\"button.default\">\n\t\t\t\t<div class=\"elementor-widget-container\">\n\t\t\t\t\t<div class=\"elementor-button-wrapper\">\n\t\t\t<a class=\"elementor-button elementor-button-link elementor-size-sm\" href=\"https:\/\/vendas.online.sistemapacto.com.br\/checkout\">\n\t\t\t\t\t\t<span class=\"elementor-button-content-wrapper\">\n\t\t\t\t\t\t\t\t\t<span class=\"elementor-button-text\">EU QUERO<\/span>\n\t\t\t\t\t<\/span>\n\t\t\t\t\t<\/a>\n\t\t<\/div>\n\t\t\t\t<\/div>\n\t\t\t\t<\/div>\n\t\t\t\t<\/div>\n\t\t\t\t<\/div>\n\t\t<div class=\"elementor-element elementor-element-bee3c58 e-flex e-con-boxed e-con e-parent\" data-id=\"bee3c58\" data-element_type=\"container\">\n\t\t\t\t\t<div class=\"e-con-inner\">\n\t\t\t\t<div class=\"elementor-element elementor-element-0dfeef0 elementor-widget elementor-widget-heading\" data-id=\"0dfeef0\" data-element_type=\"widget\" data-widget_type=\"heading.default\">\n\t\t\t\t<div class=\"elementor-widget-container\">\n\t\t\t<h2 class=\"elementor-heading-title elementor-size-default\">O pilates feito de um <b>jeito que far\u00e1 voc\u00ea vibrar<\/b>. <br><b>Cada um no seu reformer<\/b>, mas unidos por um \u00fanico objetivo:&nbsp;um&nbsp;corpo saud\u00e1vel, forte e alinhado. <br><br> Metodologia exclusiva ALTFIT.\n\n<\/h2>\t\t<\/div>\n\t\t\t\t<\/div>\n\t\t\t\t\t<\/div>\n\t\t\t\t<\/div>\n\t\t<div class=\"elementor-element elementor-element-250a8c5 e-flex e-con-boxed e-con e-parent\" data-id=\"250a8c5\" data-element_type=\"container\" data-settings=\"{&quot;background_background&quot;:&quot;classic&quot;}\">\n\t\t\t\t\t<div class=\"e-con-inner\">\n\t\t<div class=\"elementor-element elementor-element-dfc4588 e-con-full e-flex e-con e-child\" data-id=\"dfc4588\" data-element_type=\"container\">\n\t\t\t\t<div class=\"elementor-element elementor-element-0ddde6a elementor-widget elementor-widget-image\" data-id=\"0ddde6a\" data-element_type=\"widget\" data-widget_type=\"image.default\">\n\t\t\t\t<div class=\"elementor-widget-container\">\n\t\t\t<style>\/*! elementor - v3.23.0 - 05-08-2024 *\/\n.elementor-widget-image{text-align:center}.elementor-widget-image a{display:inline-block}.elementor-widget-image a img[src$=\".svg\"]{width:48px}.elementor-widget-image img{vertical-align:middle;display:inline-block}<\/style>\t\t\t\t\t\t\t\t\t\t<img fetchpriority=\"high\" decoding=\"async\" width=\"250\" height=\"224\" src=\"https:\/\/altfitbrasil.com.br\/vendas\/wp-content\/uploads\/2024\/06\/DIFERENCIAIS-PHAILAA.png\" class=\"attachment-large size-large wp-image-835\" alt=\"\" \/>\t\t\t\t\t\t\t\t\t\t\t\t\t<\/div>\n\t\t\t\t<\/div>\n\t\t\t\t<\/div>\n\t\t<div class=\"elementor-element elementor-element-deb3b24 e-con-full e-flex e-con e-child\" data-id=\"deb3b24\" data-element_type=\"container\">\n\t\t\t\t<div class=\"elementor-element elementor-element-db80bdd elementor-widget elementor-widget-image\" data-id=\"db80bdd\" data-element_type=\"widget\" data-widget_type=\"image.default\">\n\t\t\t\t<div class=\"elementor-widget-container\">\n\t\t\t\t\t\t\t\t\t\t\t\t\t<img decoding=\"async\" width=\"250\" height=\"224\" src=\"https:\/\/altfitbrasil.com.br\/vendas\/wp-content\/uploads\/2024\/06\/DIFERENCIAIS-PHAILAB.png\" class=\"attachment-large size-large wp-image-836\" alt=\"\" \/>\t\t\t\t\t\t\t\t\t\t\t\t\t<\/div>\n\t\t\t\t<\/div>\n\t\t\t\t<\/div>\n\t\t<div class=\"elementor-element elementor-element-e93d2fd e-con-full e-flex e-con e-child\" data-id=\"e93d2fd\" data-element_type=\"container\">\n\t\t\t\t<div class=\"elementor-element elementor-element-30a0b38 elementor-widget elementor-widget-image\" data-id=\"30a0b38\" data-element_type=\"widget\" data-widget_type=\"image.default\">\n\t\t\t\t<div class=\"elementor-widget-container\">\n\t\t\t\t\t\t\t\t\t\t\t\t\t<img decoding=\"async\" width=\"250\" height=\"224\" src=\"https:\/\/altfitbrasil.com.br\/vendas\/wp-content\/uploads\/2024\/06\/DIFERENCIAIS-PHAILAC.png\" class=\"attachment-large size-large wp-image-838\" alt=\"\" \/>\t\t\t\t\t\t\t\t\t\t\t\t\t<\/div>\n\t\t\t\t<\/div>\n\t\t\t\t<\/div>\n\t\t<div class=\"elementor-element elementor-element-7a4fa49 e-con-full e-flex e-con e-child\" data-id=\"7a4fa49\" data-element_type=\"container\">\n\t\t\t\t<div class=\"elementor-element elementor-element-12509cc elementor-widget elementor-widget-image\" data-id=\"12509cc\" data-element_type=\"widget\" data-widget_type=\"image.default\">\n\t\t\t\t<div class=\"elementor-widget-container\">\n\t\t\t\t\t\t\t\t\t\t\t\t\t<img loading=\"lazy\" decoding=\"async\" width=\"250\" height=\"224\" src=\"https:\/\/altfitbrasil.com.br\/vendas\/wp-content\/uploads\/2024\/06\/DIFERENCIAIS-PHAILAD.png\" class=\"attachment-large size-large wp-image-839\" alt=\"\" \/>\t\t\t\t\t\t\t\t\t\t\t\t\t<\/div>\n\t\t\t\t<\/div>\n\t\t\t\t<\/div>\n\t\t<div class=\"elementor-element elementor-element-8997cae e-con-full e-flex e-con e-child\" data-id=\"8997cae\" data-element_type=\"container\">\n\t\t\t\t<div class=\"elementor-element elementor-element-3e26613 elementor-widget elementor-widget-image\" data-id=\"3e26613\" data-element_type=\"widget\" data-widget_type=\"image.default\">\n\t\t\t\t<div class=\"elementor-widget-container\">\n\t\t\t\t\t\t\t\t\t\t\t\t\t<img loading=\"lazy\" decoding=\"async\" width=\"250\" height=\"224\" src=\"https:\/\/altfitbrasil.com.br\/vendas\/wp-content\/uploads\/2024\/06\/DIFERENCIAIS-PHAILAE.png\" class=\"attachment-large size-large wp-image-840\" alt=\"\" \/>\t\t\t\t\t\t\t\t\t\t\t\t\t<\/div>\n\t\t\t\t<\/div>\n\t\t\t\t<\/div>\n\t\t\t\t\t<\/div>\n\t\t\t\t<\/div>\n\t\t<div class=\"elementor-element elementor-element-efd3636 e-flex e-con-boxed e-con e-parent\" data-id=\"efd3636\" data-element_type=\"container\">\n\t\t\t\t\t<div class=\"e-con-inner\">\n\t\t<div class=\"elementor-element elementor-element-75c064a e-flex e-con-boxed e-con e-child\" data-id=\"75c064a\" data-element_type=\"container\">\n\t\t\t\t\t<div class=\"e-con-inner\">\n\t\t<div class=\"elementor-element elementor-element-22fbc13 e-flex e-con-boxed e-con e-child\" data-id=\"22fbc13\" data-element_type=\"container\">\n\t\t\t\t\t<div class=\"e-con-inner\">\n\t\t\t\t<div class=\"elementor-element elementor-element-1b5f9a9 elementor-invisible elementor-widget elementor-widget-heading\" data-id=\"1b5f9a9\" data-element_type=\"widget\" data-settings=\"{&quot;_animation&quot;:&quot;fadeInUp&quot;}\" data-widget_type=\"heading.default\">\n\t\t\t\t<div class=\"elementor-widget-container\">\n\t\t\t<h2 class=\"elementor-heading-title elementor-size-default\">respira\u00e7\u00e3o, consci\u00cancia e concentra\u00e7\u00e3o.<\/h2>\t\t<\/div>\n\t\t\t\t<\/div>\n\t\t\t\t<div class=\"elementor-element elementor-element-a44fbb3 elementor-widget elementor-widget-heading\" data-id=\"a44fbb3\" data-element_type=\"widget\" data-widget_type=\"heading.default\">\n\t\t\t\t<div class=\"elementor-widget-container\">\n\t\t\t<h2 class=\"elementor-heading-title elementor-size-default\">Aqui na phaila \u00e9 vida em movimento!<\/h2>\t\t<\/div>\n\t\t\t\t<\/div>\n\t\t\t\t<div class=\"elementor-element elementor-element-255a613 elementor-align-center elementor-widget__width-initial elementor-invisible elementor-widget elementor-widget-button\" data-id=\"255a613\" data-element_type=\"widget\" data-settings=\"{&quot;_animation&quot;:&quot;pulse&quot;}\" data-widget_type=\"button.default\">\n\t\t\t\t<div class=\"elementor-widget-container\">\n\t\t\t\t\t<div class=\"elementor-button-wrapper\">\n\t\t\t<a class=\"elementor-button elementor-button-link elementor-size-sm\" href=\"https:\/\/vendas.online.sistemapacto.com.br\/checkout\">\n\t\t\t\t\t\t<span class=\"elementor-button-content-wrapper\">\n\t\t\t\t\t\t\t\t\t<span class=\"elementor-button-text\">COMPRE SUA 1\u00aa experi\u00eancia<\/span>\n\t\t\t\t\t<\/span>\n\t\t\t\t\t<\/a>\n\t\t<\/div>\n\t\t\t\t<\/div>\n\t\t\t\t<\/div>\n\t\t\t\t\t<\/div>\n\t\t\t\t<\/div>\n\t\t\t\t\t<\/div>\n\t\t\t\t<\/div>\n\t\t\t\t\t<\/div>\n\t\t\t\t<\/div>\n\t\t\t\t<\/div>\n\t\t","protected":false},"excerpt":{"rendered":"<p>phaila amplia e transcenda! EU QUERO O pilates feito de um jeito que far\u00e1 voc\u00ea vibrar. Cada um no seu reformer, mas unidos por um \u00fanico objetivo:&nbsp;um&nbsp;corpo saud\u00e1vel, forte e alinhado. Metodologia exclusiva ALTFIT. respira\u00e7\u00e3o, consci\u00cancia e concentra\u00e7\u00e3o. Aqui na phaila \u00e9 vida em movimento! COMPRE SUA 1\u00aa experi\u00eancia<\/p>\n","protected":false},"author":1,"featured_media":0,"parent":0,"menu_order":0,"comment_status":"closed","ping_status":"closed","template":"elementor_header_footer","meta":{"footnotes":""},"class_list":["post-189","page","type-page","status-publish","hentry"],"_links":{"self":[{"href":"https:\/\/altfitbrasil.com.br\/vendas\/wp-json\/wp\/v2\/pages\/189"}],"collection":[{"href":"https:\/\/altfitbrasil.com.br\/vendas\/wp-json\/wp\/v2\/pages"}],"about":[{"href":"https:\/\/altfitbrasil.com.br\/vendas\/wp-json\/wp\/v2\/types\/page"}],"author":[{"embeddable":true,"href":"https:\/\/altfitbrasil.com.br\/vendas\/wp-json\/wp\/v2\/users\/1"}],"replies":[{"embeddable":true,"href":"https:\/\/altfitbrasil.com.br\/vendas\/wp-json\/wp\/v2\/comments?post=189"}],"version-history":[{"count":58,"href":"https:\/\/altfitbrasil.com.br\/vendas\/wp-json\/wp\/v2\/pages\/189\/revisions"}],"predecessor-version":[{"id":1369,"href":"https:\/\/altfitbrasil.com.br\/vendas\/wp-json\/wp\/v2\/pages\/189\/revisions\/1369"}],"wp:attachment":[{"href":"https:\/\/altfitbrasil.com.br\/vendas\/wp-json\/wp\/v2\/media?parent=189"}],"curies":[{"name":"wp","href":"https:\/\/api.w.org\/{rel}","templated":true}]}}