{"id":222,"date":"2024-05-06T19:08:41","date_gmt":"2024-05-06T19:08:41","guid":{"rendered":"https:\/\/altfitbrasil.com.br\/vendas\/?page_id=222"},"modified":"2024-07-02T13:05:51","modified_gmt":"2024-07-02T13:05:51","slug":"eventos-e-treinamentos","status":"publish","type":"page","link":"https:\/\/altfitbrasil.com.br\/vendas\/eventos-e-treinamentos\/","title":{"rendered":"EVENTOS E TREINAMENTOS"},"content":{"rendered":"\t\t<div data-elementor-type=\"wp-page\" data-elementor-id=\"222\" class=\"elementor elementor-222\">\n\t\t\t\t<div class=\"elementor-element elementor-element-16bf53a e-flex e-con-boxed e-con e-parent\" data-id=\"16bf53a\" data-element_type=\"container\">\n\t\t\t\t\t<div class=\"e-con-inner\">\n\t\t<div class=\"elementor-element elementor-element-542d7e9 e-con-full e-flex e-con e-child\" data-id=\"542d7e9\" data-element_type=\"container\">\n\t\t<div class=\"elementor-element elementor-element-e5a062c e-flex e-con-boxed e-con e-child\" data-id=\"e5a062c\" data-element_type=\"container\">\n\t\t\t\t\t<div class=\"e-con-inner\">\n\t\t\t\t<div class=\"elementor-element elementor-element-f2ecb88 elementor-widget elementor-widget-heading\" data-id=\"f2ecb88\" data-element_type=\"widget\" data-widget_type=\"heading.default\">\n\t\t\t\t<div class=\"elementor-widget-container\">\n\t\t\t<style>\/*! elementor - v3.23.0 - 05-08-2024 *\/\n.elementor-heading-title{padding:0;margin:0;line-height:1}.elementor-widget-heading .elementor-heading-title[class*=elementor-size-]>a{color:inherit;font-size:inherit;line-height:inherit}.elementor-widget-heading .elementor-heading-title.elementor-size-small{font-size:15px}.elementor-widget-heading .elementor-heading-title.elementor-size-medium{font-size:19px}.elementor-widget-heading .elementor-heading-title.elementor-size-large{font-size:29px}.elementor-widget-heading .elementor-heading-title.elementor-size-xl{font-size:39px}.elementor-widget-heading .elementor-heading-title.elementor-size-xxl{font-size:59px}<\/style><h2 class=\"elementor-heading-title elementor-size-default\">Reserve as nossas experi\u00eancias de treinos para seu evento ou treinamento corporativo.<\/h2>\t\t<\/div>\n\t\t\t\t<\/div>\n\t\t\t\t\t<\/div>\n\t\t\t\t<\/div>\n\t\t<div class=\"elementor-element elementor-element-a41a4f6 e-flex e-con-boxed e-con e-child\" data-id=\"a41a4f6\" data-element_type=\"container\">\n\t\t\t\t\t<div class=\"e-con-inner\">\n\t\t\t\t<div class=\"elementor-element elementor-element-f0a55b4 elementor-widget elementor-widget-heading\" data-id=\"f0a55b4\" data-element_type=\"widget\" data-widget_type=\"heading.default\">\n\t\t\t\t<div class=\"elementor-widget-container\">\n\t\t\t<h2 class=\"elementor-heading-title elementor-size-default\">Experi\u00eancia exclusiva para anivers\u00e1rios e celebra\u00e7\u00f5es<br><br>\nExperi\u00eancias de treinamentos corporativos com um expediente disruptivo.<\/h2>\t\t<\/div>\n\t\t\t\t<\/div>\n\t\t\t\t<div class=\"elementor-element elementor-element-52b2de0 elementor-align-center elementor-widget elementor-widget-button\" data-id=\"52b2de0\" data-element_type=\"widget\" data-widget_type=\"button.default\">\n\t\t\t\t<div class=\"elementor-widget-container\">\n\t\t\t\t\t<div class=\"elementor-button-wrapper\">\n\t\t\t<a class=\"elementor-button elementor-button-link elementor-size-sm\" href=\"https:\/\/api.whatsapp.com\/send?phone=5534996779009&#038;text=Ol%C3%A1!%20Estou%20no%20site%20da%20ALTfit%20e%20queria%20saber%20mais%20sofre%20franquias%20e%20licenciamento.%20\">\n\t\t\t\t\t\t<span class=\"elementor-button-content-wrapper\">\n\t\t\t\t\t\t<span class=\"elementor-button-icon\">\n\t\t\t\t<svg xmlns=\"http:\/\/www.w3.org\/2000\/svg\" xmlns:xodm=\"http:\/\/www.corel.com\/coreldraw\/odm\/2003\" id=\"Camada_1\" data-name=\"Camada 1\" viewBox=\"0 0 514 514\"><defs><style>      .cls-1 {        fill: #fefffe;        fill-rule: evenodd;        stroke-width: 0px;      }    <\/style><\/defs><g id=\"_2961468486672\" data-name=\" 2961468486672\"><path class=\"cls-1\" d=\"M72.5,443.2c3-15.4,12.1-44.4,17.1-61.7,5.9-20.3-23.1-27.2-32.8-96.3C32.3,110.6,226.6-8.4,369.9,88.2c21.9,14.7,38,31.2,53.2,51.9,66.8,90.6,40.5,227.3-59.8,288.7-64.2,39.3-143,40.4-208.2,2.6-13.7-7.9-8.7-7.2-39.3,1-14.3,3.8-28.9,8.2-43.2,10.9h0ZM13,501.2l103.2-26.2c31.5-8.3,20.9-4.2,47.4,6.6,53,21.6,112,24.9,166.3,7.8,96.6-30.5,165.7-117.4,171-219.8,4.2-80.9-32.6-149.4-72.3-186.7C375.6,33.4,317.1,9.1,239.2,13.3c-34.8,1.9-73.7,14.8-99.6,29.5-11.3,6.4-29.9,18.5-39,26.6l-17.1,15.6C34,138.4.4,213.9,17.9,303.6c6.1,31,13,45.5,26.1,70.9,4.3,8.4.1,14.8-2.6,24.6-9.1,33.1-21.1,69.2-28.5,102.2h0Z\"><\/path><path class=\"cls-1\" d=\"M165.6,143.3c-10.5,3.8-25.4,22.9-29.3,36.7-9.9,35.5,11.5,72.5,31.4,97.9,16.3,20.8,14.7,17.5,31.9,35,10.1,10.2,23.5,20.4,36.8,28.7,14.8,9.2,26.4,15.2,44.6,22.3,78.4,30.4,103.1-28.2,100.2-48.1-1.1-7.6-30.4-18.3-42.2-23.6-25.8-11.6-19.1-12.5-38.8,12.3-5.9,7.5-7.7,14.7-19,10.2-22.1-8.8-44.8-23.8-60.1-39.6-3.2-3.3-4.4-5.9-7.2-9.2-27.7-32.8-16.8-30.6-1-50.1,10.6-13,5.3-15.2-8.2-47.1-2-4.6-8-20-10.2-22.5-4.6-5.2-21.7-5.4-28.9-2.8h0Z\"><\/path><\/g><\/svg>\t\t\t<\/span>\n\t\t\t\t\t\t\t\t\t<span class=\"elementor-button-text\">CONTATE NOSSA EQUIPE<\/span>\n\t\t\t\t\t<\/span>\n\t\t\t\t\t<\/a>\n\t\t<\/div>\n\t\t\t\t<\/div>\n\t\t\t\t<\/div>\n\t\t\t\t\t<\/div>\n\t\t\t\t<\/div>\n\t\t\t\t<\/div>\n\t\t<div class=\"elementor-element elementor-element-be298c7 e-con-full e-flex e-con e-child\" data-id=\"be298c7\" data-element_type=\"container\">\n\t\t\t\t<div class=\"elementor-element elementor-element-9946d5d elementor-widget elementor-widget-image\" data-id=\"9946d5d\" data-element_type=\"widget\" data-widget_type=\"image.default\">\n\t\t\t\t<div class=\"elementor-widget-container\">\n\t\t\t<style>\/*! elementor - v3.23.0 - 05-08-2024 *\/\n.elementor-widget-image{text-align:center}.elementor-widget-image a{display:inline-block}.elementor-widget-image a img[src$=\".svg\"]{width:48px}.elementor-widget-image img{vertical-align:middle;display:inline-block}<\/style>\t\t\t\t\t\t\t\t\t\t<img fetchpriority=\"high\" decoding=\"async\" width=\"525\" height=\"781\" src=\"https:\/\/altfitbrasil.com.br\/vendas\/wp-content\/uploads\/2024\/06\/24-688x1024.png\" class=\"attachment-large size-large wp-image-773\" alt=\"\" srcset=\"https:\/\/altfitbrasil.com.br\/vendas\/wp-content\/uploads\/2024\/06\/24-688x1024.png 688w, https:\/\/altfitbrasil.com.br\/vendas\/wp-content\/uploads\/2024\/06\/24-202x300.png 202w, https:\/\/altfitbrasil.com.br\/vendas\/wp-content\/uploads\/2024\/06\/24-768x1143.png 768w, https:\/\/altfitbrasil.com.br\/vendas\/wp-content\/uploads\/2024\/06\/24-1032x1536.png 1032w, https:\/\/altfitbrasil.com.br\/vendas\/wp-content\/uploads\/2024\/06\/24-1376x2048.png 1376w\" sizes=\"(max-width: 525px) 100vw, 525px\" \/>\t\t\t\t\t\t\t\t\t\t\t\t\t<\/div>\n\t\t\t\t<\/div>\n\t\t\t\t<\/div>\n\t\t<div class=\"elementor-element elementor-element-fdd0435 e-con-full e-flex e-con e-child\" data-id=\"fdd0435\" data-element_type=\"container\">\n\t\t\t\t<div class=\"elementor-element elementor-element-72bc281 elementor-widget elementor-widget-image\" data-id=\"72bc281\" data-element_type=\"widget\" data-widget_type=\"image.default\">\n\t\t\t\t<div class=\"elementor-widget-container\">\n\t\t\t\t\t\t\t\t\t\t\t\t\t<img decoding=\"async\" width=\"525\" height=\"781\" src=\"https:\/\/altfitbrasil.com.br\/vendas\/wp-content\/uploads\/2024\/06\/34-688x1024.png\" class=\"attachment-large size-large wp-image-1013\" alt=\"\" srcset=\"https:\/\/altfitbrasil.com.br\/vendas\/wp-content\/uploads\/2024\/06\/34-688x1024.png 688w, https:\/\/altfitbrasil.com.br\/vendas\/wp-content\/uploads\/2024\/06\/34-202x300.png 202w, https:\/\/altfitbrasil.com.br\/vendas\/wp-content\/uploads\/2024\/06\/34-768x1143.png 768w, https:\/\/altfitbrasil.com.br\/vendas\/wp-content\/uploads\/2024\/06\/34-1032x1536.png 1032w, https:\/\/altfitbrasil.com.br\/vendas\/wp-content\/uploads\/2024\/06\/34-1376x2048.png 1376w\" sizes=\"(max-width: 525px) 100vw, 525px\" \/>\t\t\t\t\t\t\t\t\t\t\t\t\t<\/div>\n\t\t\t\t<\/div>\n\t\t\t\t<\/div>\n\t\t\t\t\t<\/div>\n\t\t\t\t<\/div>\n\t\t\t\t<\/div>\n\t\t","protected":false},"excerpt":{"rendered":"<p>Reserve as nossas experi\u00eancias de treinos para seu evento ou treinamento corporativo. Experi\u00eancia exclusiva para anivers\u00e1rios e celebra\u00e7\u00f5es Experi\u00eancias de treinamentos corporativos com um expediente disruptivo. CONTATE NOSSA EQUIPE<\/p>\n","protected":false},"author":1,"featured_media":0,"parent":0,"menu_order":0,"comment_status":"closed","ping_status":"closed","template":"elementor_header_footer","meta":{"footnotes":""},"class_list":["post-222","page","type-page","status-publish","hentry"],"_links":{"self":[{"href":"https:\/\/altfitbrasil.com.br\/vendas\/wp-json\/wp\/v2\/pages\/222"}],"collection":[{"href":"https:\/\/altfitbrasil.com.br\/vendas\/wp-json\/wp\/v2\/pages"}],"about":[{"href":"https:\/\/altfitbrasil.com.br\/vendas\/wp-json\/wp\/v2\/types\/page"}],"author":[{"embeddable":true,"href":"https:\/\/altfitbrasil.com.br\/vendas\/wp-json\/wp\/v2\/users\/1"}],"replies":[{"embeddable":true,"href":"https:\/\/altfitbrasil.com.br\/vendas\/wp-json\/wp\/v2\/comments?post=222"}],"version-history":[{"count":43,"href":"https:\/\/altfitbrasil.com.br\/vendas\/wp-json\/wp\/v2\/pages\/222\/revisions"}],"predecessor-version":[{"id":1330,"href":"https:\/\/altfitbrasil.com.br\/vendas\/wp-json\/wp\/v2\/pages\/222\/revisions\/1330"}],"wp:attachment":[{"href":"https:\/\/altfitbrasil.com.br\/vendas\/wp-json\/wp\/v2\/media?parent=222"}],"curies":[{"name":"wp","href":"https:\/\/api.w.org\/{rel}","templated":true}]}}